{"id":6340,"date":"2019-01-31T14:35:07","date_gmt":"2019-01-31T14:35:07","guid":{"rendered":"http:\/\/fotliget.hu\/uj\/\/landing-corporate-2-copy\/"},"modified":"2019-01-31T14:35:07","modified_gmt":"2019-01-31T14:35:07","slug":"magunkrol","status":"publish","type":"page","link":"https:\/\/fotliget.hu\/uj\/magunkrol\/","title":{"rendered":"Magunkr\u00f3l"},"content":{"rendered":"[vc_row type=&#8221;full_width_background&#8221; full_screen_row_position=&#8221;middle&#8221; bg_image=&#8221;6217&#8243; bg_position=&#8221;center center&#8221; bg_repeat=&#8221;no-repeat&#8221; parallax_bg=&#8221;true&#8221; parallax_bg_speed=&#8221;fast&#8221; bg_color=&#8221;#fcebb8&#8243; scene_position=&#8221;center&#8221; text_color=&#8221;light&#8221; text_align=&#8221;left&#8221; top_padding=&#8221;12%&#8221; bottom_padding=&#8221;7%&#8221; enable_gradient=&#8221;true&#8221; color_overlay=&#8221;#a71c20&#8243; color_overlay_2=&#8221;#006c32&#8243; gradient_direction=&#8221;left_t_to_right_b&#8221; overlay_strength=&#8221;0.5&#8243; shape_divider_color=&#8221;#ffffff&#8221; shape_divider_position=&#8221;bottom&#8221; shape_divider_height=&#8221;250&#8243; shape_type=&#8221;tilt_alt&#8221;][vc_column column_padding=&#8221;no-extra-padding&#8221; column_padding_position=&#8221;all&#8221; background_color_opacity=&#8221;1&#8243; background_hover_color_opacity=&#8221;1&#8243; column_shadow=&#8221;none&#8221; column_border_radius=&#8221;none&#8221; width=&#8221;1\/6&#8243; tablet_text_alignment=&#8221;default&#8221; phone_text_alignment=&#8221;default&#8221; column_border_width=&#8221;none&#8221; column_border_style=&#8221;solid&#8221;][\/vc_column][vc_column centered_text=&#8221;true&#8221; column_padding=&#8221;padding-1-percent&#8221; column_padding_position=&#8221;all&#8221; background_color_opacity=&#8221;1&#8243; background_hover_color_opacity=&#8221;1&#8243; column_shadow=&#8221;none&#8221; column_border_radius=&#8221;none&#8221; width=&#8221;2\/3&#8243; tablet_text_alignment=&#8221;default&#8221; phone_text_alignment=&#8221;default&#8221; column_border_width=&#8221;none&#8221; column_border_style=&#8221;solid&#8221;][split_line_heading]\n<h4><\/h4>\n<h1>Magunkr\u00f3l<\/h1>\n[\/split_line_heading][\/vc_column][vc_column column_padding=&#8221;no-extra-padding&#8221; column_padding_position=&#8221;all&#8221; background_color_opacity=&#8221;1&#8243; background_hover_color_opacity=&#8221;1&#8243; column_shadow=&#8221;none&#8221; column_border_radius=&#8221;none&#8221; width=&#8221;1\/6&#8243; tablet_text_alignment=&#8221;default&#8221; phone_text_alignment=&#8221;default&#8221; column_border_width=&#8221;none&#8221; column_border_style=&#8221;solid&#8221;][\/vc_column][\/vc_row][vc_row type=&#8221;full_width_background&#8221; full_screen_row_position=&#8221;middle&#8221; equal_height=&#8221;yes&#8221; scene_position=&#8221;center&#8221; text_color=&#8221;dark&#8221; text_align=&#8221;left&#8221; bottom_padding=&#8221;2%&#8221; overlay_strength=&#8221;0.3&#8243; shape_divider_position=&#8221;bottom&#8221; shape_type=&#8221;&#8221;][vc_column column_padding=&#8221;no-extra-padding&#8221; column_padding_position=&#8221;all&#8221; background_color_opacity=&#8221;1&#8243; background_hover_color_opacity=&#8221;1&#8243; column_shadow=&#8221;none&#8221; column_border_radius=&#8221;none&#8221; top_margin=&#8221;-3%&#8221; width=&#8221;1\/2&#8243; tablet_text_alignment=&#8221;default&#8221; phone_text_alignment=&#8221;default&#8221; column_border_width=&#8221;none&#8221; column_border_style=&#8221;solid&#8221;][vc_row_inner column_margin=&#8221;default&#8221; translate_y=&#8221;13%&#8221; text_align=&#8221;left&#8221;][vc_column_inner enable_animation=&#8221;true&#8221; animation=&#8221;fade-in-from-left&#8221; column_padding=&#8221;no-extra-padding&#8221; column_padding_position=&#8221;all&#8221; background_color_opacity=&#8221;1&#8243; background_hover_color_opacity=&#8221;1&#8243; column_shadow=&#8221;none&#8221; column_border_radius=&#8221;none&#8221; width=&#8221;1\/1&#8243; column_border_width=&#8221;none&#8221; column_border_style=&#8221;solid&#8221;][image_with_animation image_url=&#8221;6217&#8243; alignment=&#8221;&#8221; animation=&#8221;None&#8221; border_radius=&#8221;10px&#8221; box_shadow=&#8221;x_large_depth&#8221; max_width=&#8221;100%&#8221;][divider line_type=&#8221;No Line&#8221; custom_height=&#8221;30&#8243;][image_with_animation image_url=&#8221;6220&#8243; alignment=&#8221;&#8221; animation=&#8221;None&#8221; border_radius=&#8221;10px&#8221; box_shadow=&#8221;x_large_depth&#8221; max_width=&#8221;100%&#8221;][\/vc_column_inner][\/vc_row_inner][\/vc_column][vc_column column_padding=&#8221;padding-4-percent&#8221; column_padding_position=&#8221;all&#8221; background_color_opacity=&#8221;1&#8243; background_hover_color_opacity=&#8221;1&#8243; column_shadow=&#8221;none&#8221; column_border_radius=&#8221;none&#8221; top_margin=&#8221;4%&#8221; width=&#8221;1\/2&#8243; tablet_text_alignment=&#8221;default&#8221; phone_text_alignment=&#8221;default&#8221; column_border_width=&#8221;none&#8221; column_border_style=&#8221;solid&#8221;][vc_row_inner column_margin=&#8221;default&#8221; text_align=&#8221;left&#8221;][vc_column_inner enable_animation=&#8221;true&#8221; animation=&#8221;fade-in-from-bottom&#8221; column_padding=&#8221;no-extra-padding&#8221; column_padding_position=&#8221;all&#8221; background_color_opacity=&#8221;1&#8243; background_hover_color_opacity=&#8221;1&#8243; column_shadow=&#8221;none&#8221; column_border_radius=&#8221;none&#8221; width=&#8221;1\/1&#8243; column_border_width=&#8221;none&#8221; column_border_style=&#8221;solid&#8221;][vc_custom_heading text=&#8221;Szervezet &#8211; szolg\u00e1ltat\u00e1sok&#8221; font_container=&#8221;tag:h5|text_align:left|color:%237a7a7a&#8221; use_theme_fonts=&#8221;yes&#8221; css=&#8221;.vc_custom_1556980030296{margin-top: 65px !important;margin-bottom: 10px !important;}&#8221;][vc_custom_heading text=&#8221;A f\u00f3tligeti telektulajdonosok egy \u00fan. \u00fczemeltet\u00e9si k\u00f6z\u00f6ss\u00e9get alkotnak. &#8221; font_container=&#8221;tag:h3|font_size:40|text_align:left|line_height:50px&#8221; use_theme_fonts=&#8221;yes&#8221; css=&#8221;.vc_custom_1544003329090{margin-bottom: 30px !important;}&#8221;][vc_column_text]F\u00f3tliget teljes ter\u00fclete mag\u00e1nter\u00fclet, az \u00e9p\u00edt\u00e9si telkek \u00e1ltal\u00e1ban az ott lak\u00f3k, k\u00f6z\u00f6s haszn\u00e1lat\u00fa ter\u00fcletek (utak, parkok) a Pro F\u00f3tliget Alap\u00edtv\u00e1ny tulajdon\u00e1ban vannak. A Pro F\u00f3tliget Alap\u00edtv\u00e1ny kurat\u00f3riumi tagjai f\u00f3tligeti lakosok. A f\u00f3tligeti telektulajdonosok egy \u00fan. \u00fczemeltet\u00e9si k\u00f6z\u00f6ss\u00e9get alkotnak. A k\u00f6z\u00f6ss\u00e9get \u00e9rint\u0151 k\u00e9rd\u00e9sekben minden tulajdonos d\u00f6nt\u00e9si joggal rendelkezik a tulajdoni h\u00e1nyada ar\u00e1ny\u00e1ban.<\/p>\n<p>K\u00f6z\u00e9rdek\u0171, m\u00e1shol az \u00f6nkorm\u00e1nyzat \u00e1ltal ell\u00e1tand\u00f3 feladatokat, mint az \u00fath\u00e1l\u00f3zat, j\u00e1rd\u00e1k \u00e9s \u00e1rkok takar\u00edt\u00e1s\u00e1t, karbantart\u00e1s\u00e1t, a t\u00e9li h\u00f3eltakar\u00edt\u00e1st, a k\u00f6zvil\u00e1g\u00edt\u00e1st, a park gondoz\u00e1s\u00e1t, j\u00e1tsz\u00f3t\u00e9r fenntart\u00e1s\u00e1t \u00e9s a 24 \u00f3r\u00e1s portaszolg\u00e1latot az \u00fczemeltet\u0151 F\u00f3tliget Lak\u00f3park Ingatlankezel\u0151 K\u00f6zhaszn\u00fa Nonprofit Kft. a tulajdonosok megb\u00edz\u00e1s\u00e1b\u00f3l \u00e9s terh\u00e9re l\u00e1tja el. Az \u00fczemeltet\u0151 t\u00f6bbs\u00e9gi tulajdonosa a Pro F\u00f3tliget Alap\u00edtv\u00e1ny.<\/p>\n<p>Az \u00fczemeltet\u0151 minden telektulajdonossal egyenk\u00e9nt szerz\u0151d\u00f6tt a k\u00f6z\u00e9rdek\u0171 feladatok ell\u00e1t\u00e1s\u00e1ra \u00e9s azok k\u00f6lts\u00e9g\u00e9t sz\u00e1ml\u00e1zza a tulajdonosoknak. A k\u00f6z\u00f6s k\u00f6lts\u00e9ggel fedezend\u0151 kiad\u00e1sokr\u00f3l \u00e9s a k\u00f6lts\u00e9gek tulajdonosok k\u00f6z\u00f6tti feloszt\u00e1s\u00e1r\u00f3l a tulajdonosok \u00e9ves k\u00f6zgy\u0171l\u00e9se hat\u00e1roz. A k\u00f6zgy\u0171l\u00e9sen gyakorolhat\u00f3 szavazati jog a szavaz\u00f3 k\u00f6z\u00f6s k\u00f6lts\u00e9g visel\u00e9s\u00e9vel ar\u00e1nyos. A tulajdonosok k\u00f6zgy\u0171l\u00e9sek k\u00f6z\u00f6tti k\u00e9pviselet\u00e9t, az \u00fczemeltet\u0151 tev\u00e9kenys\u00e9g\u00e9nek rendszeres ellen\u0151rz\u00e9s\u00e9t, a k\u00f6z\u00f6ss\u00e9gi rendezv\u00e9nyek szervez\u00e9s\u00e9t a Sz\u00e1mvizsg\u00e1l\u00f3 Bizotts\u00e1g (SZB) l\u00e1tja el, amelynek tagjai a k\u00f6zgy\u0171l\u00e9sen v\u00e1lasztott f\u00f3tligeti lakosok.[\/vc_column_text][\/vc_column_inner][\/vc_row_inner][vc_row_inner column_margin=&#8221;default&#8221; bottom_padding=&#8221;15&#8243; text_align=&#8221;left&#8221;][vc_column_inner enable_animation=&#8221;true&#8221; animation=&#8221;fade-in-from-bottom&#8221; column_padding=&#8221;no-extra-padding&#8221; column_padding_position=&#8221;all&#8221; background_color_opacity=&#8221;1&#8243; background_hover_color_opacity=&#8221;1&#8243; column_shadow=&#8221;none&#8221; column_border_radius=&#8221;none&#8221; width=&#8221;1\/1&#8243; column_border_width=&#8221;none&#8221; column_border_style=&#8221;solid&#8221; delay=&#8221;200&#8243;][divider line_type=&#8221;No Line&#8221; custom_height=&#8221;20&#8243;][\/vc_column_inner][\/vc_row_inner][nectar_btn size=&#8221;large&#8221; button_style=&#8221;see-through-2&#8243; color_override=&#8221;#db1a21&#8243; hover_color_override=&#8221;#6d6d6d&#8221; hover_text_color_override=&#8221;#ffffff&#8221; icon_family=&#8221;default_arrow&#8221; url=&#8221;\/egyuttelesi-szabalyok\/&#8221; text=&#8221;Egy\u00fctt\u00e9l\u00e9si szab\u00e1lyok&#8221; margin_top=&#8221;15&#8243;][\/vc_column][\/vc_row]\n","protected":false},"excerpt":{"rendered":"<p>[vc_row type=&#8221;full_width_background&#8221; full_screen_row_position=&#8221;middle&#8221; bg_image=&#8221;6217&#8243; bg_position=&#8221;center center&#8221; bg_repeat=&#8221;no-repeat&#8221; parallax_bg=&#8221;true&#8221; parallax_bg_speed=&#8221;fast&#8221; bg_color=&#8221;#fcebb8&#8243; scene_position=&#8221;center&#8221; text_color=&#8221;light&#8221; text_align=&#8221;left&#8221; top_padding=&#8221;12%&#8221; bottom_padding=&#8221;7%&#8221; enable_gradient=&#8221;true&#8221; color_overlay=&#8221;#a71c20&#8243; color_overlay_2=&#8221;#006c32&#8243; gradient_direction=&#8221;left_t_to_right_b&#8221; overlay_strength=&#8221;0.5&#8243; shape_divider_color=&#8221;#ffffff&#8221; shape_divider_position=&#8221;bottom&#8221; shape_divider_height=&#8221;250&#8243; shape_type=&#8221;tilt_alt&#8221;][vc_column column_padding=&#8221;no-extra-padding&#8221; column_padding_position=&#8221;all&#8221; background_color_opacity=&#8221;1&#8243; background_hover_color_opacity=&#8221;1&#8243; column_shadow=&#8221;none&#8221; column_border_radius=&#8221;none&#8221;&#8230;<\/p>\n","protected":false},"author":1,"featured_media":0,"parent":0,"menu_order":0,"comment_status":"closed","ping_status":"closed","template":"","meta":{"_bbp_topic_count":0,"_bbp_reply_count":0,"_bbp_total_topic_count":0,"_bbp_total_reply_count":0,"_bbp_voice_count":0,"_bbp_anonymous_reply_count":0,"_bbp_topic_count_hidden":0,"_bbp_reply_count_hidden":0,"_bbp_forum_subforum_count":0,"footnotes":""},"class_list":["post-6340","page","type-page","status-publish"],"_links":{"self":[{"href":"https:\/\/fotliget.hu\/uj\/wp-json\/wp\/v2\/pages\/6340","targetHints":{"allow":["GET"]}}],"collection":[{"href":"https:\/\/fotliget.hu\/uj\/wp-json\/wp\/v2\/pages"}],"about":[{"href":"https:\/\/fotliget.hu\/uj\/wp-json\/wp\/v2\/types\/page"}],"author":[{"embeddable":true,"href":"https:\/\/fotliget.hu\/uj\/wp-json\/wp\/v2\/users\/1"}],"replies":[{"embeddable":true,"href":"https:\/\/fotliget.hu\/uj\/wp-json\/wp\/v2\/comments?post=6340"}],"version-history":[{"count":0,"href":"https:\/\/fotliget.hu\/uj\/wp-json\/wp\/v2\/pages\/6340\/revisions"}],"wp:attachment":[{"href":"https:\/\/fotliget.hu\/uj\/wp-json\/wp\/v2\/media?parent=6340"}],"curies":[{"name":"wp","href":"https:\/\/api.w.org\/{rel}","templated":true}]}}