{"id":6,"date":"2017-09-01T13:07:46","date_gmt":"2017-09-01T13:07:46","guid":{"rendered":"http:\/\/themenectar.com\/demo\/salient-corporate-2\/?page_id=6"},"modified":"2017-09-01T13:07:46","modified_gmt":"2017-09-01T13:07:46","slug":"landing-corporate-2","status":"publish","type":"page","link":"https:\/\/fotliget.hu\/uj\/","title":{"rendered":"Home"},"content":{"rendered":"[vc_row type=&#8221;full_width_background&#8221; full_screen_row_position=&#8221;middle&#8221; bg_image=&#8221;6217&#8243; bg_position=&#8221;center center&#8221; bg_repeat=&#8221;no-repeat&#8221; parallax_bg=&#8221;true&#8221; parallax_bg_speed=&#8221;fast&#8221; bg_color=&#8221;#fcebb8&#8243; scene_position=&#8221;center&#8221; text_color=&#8221;light&#8221; text_align=&#8221;left&#8221; top_padding=&#8221;12%&#8221; bottom_padding=&#8221;7%&#8221; enable_gradient=&#8221;true&#8221; color_overlay=&#8221;#a71c20&#8243; color_overlay_2=&#8221;#006c32&#8243; gradient_direction=&#8221;left_t_to_right_b&#8221; overlay_strength=&#8221;0.5&#8243; shape_divider_color=&#8221;#ffffff&#8221; shape_divider_position=&#8221;bottom&#8221; shape_divider_height=&#8221;250&#8243; shape_type=&#8221;tilt_alt&#8221;][vc_column column_padding=&#8221;no-extra-padding&#8221; column_padding_position=&#8221;all&#8221; background_color_opacity=&#8221;1&#8243; background_hover_color_opacity=&#8221;1&#8243; column_shadow=&#8221;none&#8221; column_border_radius=&#8221;none&#8221; width=&#8221;1\/6&#8243; tablet_text_alignment=&#8221;default&#8221; phone_text_alignment=&#8221;default&#8221; column_border_width=&#8221;none&#8221; column_border_style=&#8221;solid&#8221;][\/vc_column][vc_column centered_text=&#8221;true&#8221; column_padding=&#8221;padding-1-percent&#8221; column_padding_position=&#8221;all&#8221; background_color_opacity=&#8221;1&#8243; background_hover_color_opacity=&#8221;1&#8243; column_shadow=&#8221;none&#8221; column_border_radius=&#8221;none&#8221; width=&#8221;2\/3&#8243; tablet_text_alignment=&#8221;default&#8221; phone_text_alignment=&#8221;default&#8221; column_border_width=&#8221;none&#8221; column_border_style=&#8221;solid&#8221;][split_line_heading]\n<h4>\u00dcdv\u00f6z\u00f6lj\u00fck F\u00f3tligeten!<\/h4>\n<h1>Kertv\u00e1ros, ahol j\u00f3 lakni!<\/h1>\n[\/split_line_heading][\/vc_column][vc_column column_padding=&#8221;no-extra-padding&#8221; column_padding_position=&#8221;all&#8221; background_color_opacity=&#8221;1&#8243; background_hover_color_opacity=&#8221;1&#8243; column_shadow=&#8221;none&#8221; column_border_radius=&#8221;none&#8221; width=&#8221;1\/6&#8243; tablet_text_alignment=&#8221;default&#8221; phone_text_alignment=&#8221;default&#8221; column_border_width=&#8221;none&#8221; column_border_style=&#8221;solid&#8221;][\/vc_column][\/vc_row][vc_row type=&#8221;full_width_background&#8221; full_screen_row_position=&#8221;middle&#8221; scene_position=&#8221;center&#8221; text_color=&#8221;dark&#8221; text_align=&#8221;center&#8221; top_padding=&#8221;2%&#8221; bottom_padding=&#8221;2%&#8221; id=&#8221;magunkrol&#8221; overlay_strength=&#8221;0.3&#8243; shape_divider_position=&#8221;both&#8221; shape_divider_bring_to_front=&#8221;true&#8221; shape_type=&#8221;tilt_alt&#8221;][vc_column column_padding=&#8221;no-extra-padding&#8221; column_padding_position=&#8221;all&#8221; background_color_opacity=&#8221;1&#8243; background_hover_color_opacity=&#8221;1&#8243; column_shadow=&#8221;none&#8221; column_border_radius=&#8221;none&#8221; width=&#8221;1\/1&#8243; tablet_text_alignment=&#8221;default&#8221; phone_text_alignment=&#8221;default&#8221; column_border_width=&#8221;none&#8221; column_border_style=&#8221;solid&#8221;][nectar_gradient_text heading_tag=&#8221;h2&#8243; color=&#8221;extra-color-gradient-2&#8243; gradient_direction=&#8221;horizontal&#8221; text=&#8221;Ismerje meg F\u00f3tligetet!&#8221;][\/vc_column][\/vc_row][vc_row type=&#8221;full_width_background&#8221; full_screen_row_position=&#8221;middle&#8221; equal_height=&#8221;yes&#8221; scene_position=&#8221;center&#8221; text_color=&#8221;dark&#8221; text_align=&#8221;left&#8221; top_padding=&#8221;3%&#8221; bottom_padding=&#8221;3%&#8221; id=&#8221;miert&#8221; overlay_strength=&#8221;0.3&#8243; shape_divider_position=&#8221;bottom&#8221; shape_type=&#8221;&#8221;][vc_column column_padding=&#8221;no-extra-padding&#8221; column_padding_position=&#8221;right&#8221; background_color_opacity=&#8221;1&#8243; background_hover_color_opacity=&#8221;1&#8243; column_shadow=&#8221;none&#8221; column_border_radius=&#8221;none&#8221; width=&#8221;1\/3&#8243; tablet_text_alignment=&#8221;default&#8221; phone_text_alignment=&#8221;default&#8221; column_border_width=&#8221;none&#8221; column_border_style=&#8221;solid&#8221;][vc_column_text css=&#8221;.vc_custom_1556979985295{padding-right: 10% !important;}&#8221;]\n<h3>M\u00e9retek:<\/h3>\n<p>A Lak\u00f3park ter\u00fclet\u00e9t viszonylag egyenes vonal\u00fa telekhat\u00e1rok hat\u00e1rolj\u00e1k: a f\u0151\u00fat fel\u0151li oldalon (d\u00e9li oldal) a telekhat\u00e1r hossza kb. 726 m, a nyugati oldal hossza kb. 710 m, az \u00e9szaki oldal\u00e9 kb. 750 m, a legr\u00f6videbb keleti oldala kb. 470 m. A Lak\u00f3park teljes alapter\u00fclete 450.440 m<sup>2<\/sup> A Lak\u00f3park ker\u00edt\u00e9ssel k\u00f6rbeker\u00edtett, z\u00e1rt jelleg\u00e9t a k\u00e9s\u0151bbiekben is meg k\u00edv\u00e1njuk \u0151rizni.<\/p>\n<h3>A k\u00f6rnyezet:<\/h3>\n<p>A ter\u00fclet egyik legfontosabb jellemz\u0151je az \u00e9p\u00edt\u00e9si telkek nagy r\u00e9sz\u00e9t bor\u00edt\u00f3 erd\u0151s, ligetes fa\u00e1llom\u00e1ny. A ter\u00fcleten megfigyelhet\u0151 ut\u00f3lagos \u00e1llom\u00e1nytelep\u00edt\u00e9sek a term\u0151helyi viszonyoknak megfelel\u0151en t\u00f6rt\u00e9ntek. Telep\u00edtett \u00e1llom\u00e1nyt alkot\u00f3 fajok az ostorfa, a kocs\u00e1nyos t\u00f6lgy, a juhar \u00e9s a fekete di\u00f3. A k\u00f6rny\u00e9ken tal\u00e1lhat\u00f3 erd\u0151s\u00fclt foltok, v\u00e9d\u0151erd\u0151s\u00e1vok jelent\u0151s k\u00f6rnyezetv\u00e9d\u0151 sz\u0171r\u0151, szigetel\u0151 hat\u00e1suk \u00e9s kondicion\u00e1l\u00f3 szerep\u00fck miatt kiemelked\u0151 jelent\u0151s\u00e9g\u0171ek. A ter\u00fclet erd\u0151s, ligetes jellege az alacsony be\u00e9p\u00edthet\u0151s\u00e9g \u00e9s az el\u0151v\u00e1rosi k\u00f6rnyezetben szok\u00e1sosn\u00e1l nagyobb \u00e9p\u00edt\u00e9si telkeknek k\u00f6sz\u00f6nhet\u0151en megmaradt. K\u00fcl\u00f6n\u00f6sen csal\u00e1dbar\u00e1tt\u00e1 teszi parkja \u00e9s j\u00e1tsz\u00f3tere, zs\u00e1kutc\u00e1kk\u00e9nt kialak\u00edtott \u00fath\u00e1l\u00f3zata, ter\u00fcleti elk\u00fcl\u00f6n\u00fclts\u00e9ge \u00e9s saj\u00e1t \u0151rszolg\u00e1lata.[\/vc_column_text][divider line_type=&#8221;No Line&#8221; custom_height=&#8221;20&#8243;][nectar_btn size=&#8221;large&#8221; button_style=&#8221;see-through-2&#8243; color_override=&#8221;#db1a21&#8243; hover_color_override=&#8221;#6d6d6d&#8221; hover_text_color_override=&#8221;#ffffff&#8221; icon_family=&#8221;default_arrow&#8221; url=&#8221;\/kapcsolat&#8221; text=&#8221;Kapcsolat&#8221; margin_top=&#8221;15&#8243;][\/vc_column][vc_column column_padding=&#8221;no-extra-padding&#8221; column_padding_position=&#8221;all&#8221; background_color_opacity=&#8221;1&#8243; background_hover_color_opacity=&#8221;1&#8243; column_shadow=&#8221;none&#8221; column_border_radius=&#8221;none&#8221; width=&#8221;2\/3&#8243; tablet_text_alignment=&#8221;default&#8221; phone_text_alignment=&#8221;default&#8221; column_border_width=&#8221;none&#8221; column_border_style=&#8221;solid&#8221;][vc_column_text css=&#8221;.vc_custom_1556979973570{padding-right: 10% !important;}&#8221;]\n<h3>Megk\u00f6zel\u00edthet\u0151s\u00e9g:<\/h3>\n<p>F\u00f3tliget a f\u0151v\u00e1ros \u00e9s F\u00f3t k\u00f6z\u00f6tt ki\u00e9p\u00fclt F\u00f3ti \u00fat \u00e9s a Mogyor\u00f3di-patak k\u00f6z\u00f6tt, a 2102-es sz\u00e1m\u00fa f\u0151k\u00f6zleked\u00e9si \u00fat ment\u00e9n, F\u00f3t telep\u00fcl\u00e9sk\u00f6zpontt\u00f3l d\u00e9lnyugati, az M0 aut\u00f3\u00fatt\u00f3l \u00e9szakkeleti ir\u00e1nyban helyezkedik el. T\u00e1vols\u00e1ga Budapest k\u00f6zigazgat\u00e1si hat\u00e1r\u00e1t\u00f3l megk\u00f6zel\u00edt\u0151leg 4 km, F\u00f3t V\u00e1rost\u00f3l 2 km. Az M3-as aut\u00f3p\u00e1lya legk\u00f6zelebbi lehajt\u00f3ja kb. 3 km t\u00e1vols\u00e1gra, az M0 aut\u00f3\u00fat kb. 2,5 km-re, az M2-es aut\u00f3p\u00e1lya kb. 4,5 km-re h\u00faz\u00f3dik az ingatlant\u00f3l. Budapest ir\u00e1ny\u00e1b\u00f3l a ter\u00fclet az M3-as aut\u00f3p\u00e1ly\u00e1r\u00f3l, a V\u00e1ci \u00fatr\u00f3l \u00e9s az M0 aut\u00f3\u00fatr\u00f3l is k\u00f6nnyen megk\u00f6zel\u00edthet\u0151. T\u00f6megk\u00f6zleked\u00e9ssel az \u00c1rp\u00e1d h\u00eddt\u00f3l, valamint \u00dajpest v\u00e1roskapu \u00e9s \u00dajpest v\u00e1rosk\u00f6zpont meg\u00e1ll\u00f3kb\u00f3l indul\u00f3 helyk\u00f6zi j\u00e1ratokkal juthatnak el F\u00f3tligetre. A helyk\u00f6zi busz meg\u00e1ll\u00f3i Budapest \u00e9s F\u00f3t ir\u00e1ny\u00e1ba a ter\u00fclet f\u0151port\u00e1j\u00e1n\u00e1l tal\u00e1lhat\u00f3ak.[\/vc_column_text][image_with_animation image_url=&#8221;6220&#8243; alignment=&#8221;center&#8221; animation=&#8221;Fade In From Bottom&#8221; border_radius=&#8221;10px&#8221; box_shadow=&#8221;medium_depth&#8221; max_width=&#8221;100%&#8221; delay=&#8221;200&#8243;][\/vc_column][\/vc_row][vc_row type=&#8221;full_width_background&#8221; full_screen_row_position=&#8221;middle&#8221; equal_height=&#8221;yes&#8221; content_placement=&#8221;middle&#8221; bg_image=&#8221;6217&#8243; bg_position=&#8221;center center&#8221; bg_repeat=&#8221;no-repeat&#8221; parallax_bg=&#8221;true&#8221; parallax_bg_speed=&#8221;medium&#8221; bg_color=&#8221;rgba(0,0,0,0.67)&#8221; scene_position=&#8221;center&#8221; text_color=&#8221;light&#8221; text_align=&#8221;center&#8221; top_padding=&#8221;6%&#8221; bottom_padding=&#8221;6%&#8221; overlay_strength=&#8221;0.3&#8243; shape_divider_position=&#8221;both&#8221; shape_type=&#8221;tilt_alt&#8221;][vc_column column_padding=&#8221;padding-2-percent&#8221; column_padding_position=&#8221;right&#8221; background_color_opacity=&#8221;1&#8243; background_hover_color_opacity=&#8221;1&#8243; column_shadow=&#8221;none&#8221; column_border_radius=&#8221;none&#8221; width=&#8221;1\/1&#8243; tablet_text_alignment=&#8221;default&#8221; phone_text_alignment=&#8221;default&#8221; column_border_width=&#8221;none&#8221; column_border_style=&#8221;solid&#8221;][vc_custom_heading text=&#8221;\u0150sf\u00e1s kertv\u00e1ros 12 percre a H\u0151s\u00f6k ter\u00e9t\u0151l&#8221; font_container=&#8221;tag:h2|font_size:30|text_align:center&#8221; use_theme_fonts=&#8221;yes&#8221; css_animation=&#8221;bounceInRight&#8221;][\/vc_column][\/vc_row][vc_row type=&#8221;full_width_background&#8221; full_screen_row_position=&#8221;middle&#8221; bg_color=&#8221;#fcebb8&#8243; scene_position=&#8221;center&#8221; text_color=&#8221;dark&#8221; text_align=&#8221;left&#8221; top_padding=&#8221;5%&#8221; bottom_padding=&#8221;5%&#8221; overlay_strength=&#8221;0.3&#8243; shape_divider_position=&#8221;bottom&#8221; shape_type=&#8221;&#8221;][vc_column centered_text=&#8221;true&#8221; column_padding=&#8221;no-extra-padding&#8221; column_padding_position=&#8221;all&#8221; background_color_opacity=&#8221;1&#8243; background_hover_color_opacity=&#8221;1&#8243; column_shadow=&#8221;none&#8221; column_border_radius=&#8221;none&#8221; width=&#8221;1\/1&#8243; tablet_text_alignment=&#8221;default&#8221; phone_text_alignment=&#8221;default&#8221; column_border_width=&#8221;none&#8221; column_border_style=&#8221;solid&#8221;][vc_column_text max_width=&#8221;500&#8243;]\n<h2>El\u00e9rhet\u0151s\u00e9geink:<\/h2>\n[\/vc_column_text][vc_row_inner column_margin=&#8221;default&#8221; text_align=&#8221;left&#8221;][vc_column_inner column_padding=&#8221;padding-2-percent&#8221; column_padding_position=&#8221;all&#8221; background_color=&#8221;#e0e0e0&#8243; background_color_opacity=&#8221;1&#8243; background_color_hover=&#8221;#9b9b9b&#8221; background_hover_color_opacity=&#8221;1&#8243; font_color=&#8221;#ffffff&#8221; column_shadow=&#8221;medium_depth&#8221; column_border_radius=&#8221;3px&#8221; width=&#8221;1\/3&#8243; column_border_width=&#8221;none&#8221; column_border_style=&#8221;solid&#8221;][vc_column_text]\n<h4>Mobil: +36 70\u00a0380-8151<\/h4>\n[\/vc_column_text][\/vc_column_inner][vc_column_inner column_padding=&#8221;padding-2-percent&#8221; column_padding_position=&#8221;all&#8221; background_color=&#8221;#e0e0e0&#8243; background_color_opacity=&#8221;1&#8243; background_color_hover=&#8221;#9b9b9b&#8221; background_hover_color_opacity=&#8221;1&#8243; font_color=&#8221;#ffffff&#8221; column_shadow=&#8221;medium_depth&#8221; column_border_radius=&#8221;3px&#8221; width=&#8221;1\/3&#8243; column_border_width=&#8221;none&#8221; column_border_style=&#8221;solid&#8221;][vc_column_text]\n<h4>Tel\/Fax: +36 21\u00a0388-9498<\/h4>\n[\/vc_column_text][\/vc_column_inner][vc_column_inner column_padding=&#8221;padding-2-percent&#8221; column_padding_position=&#8221;all&#8221; background_color=&#8221;#e0e0e0&#8243; background_color_opacity=&#8221;1&#8243; background_color_hover=&#8221;#a0a0a0&#8243; background_hover_color_opacity=&#8221;1&#8243; font_color=&#8221;#ffffff&#8221; column_shadow=&#8221;small_depth&#8221; column_border_radius=&#8221;3px&#8221; width=&#8221;1\/3&#8243; column_border_width=&#8221;none&#8221; column_border_style=&#8221;solid&#8221;][vc_column_text]\n<h4>Mail:\u00a0<a href=\"mailto:uzemeltetes@fotliget.hu\" target=\"_blank\" rel=\"noopener noreferrer\">uzemeltetes@fotliget.hu<\/a><\/h4>\n[\/vc_column_text][\/vc_column_inner][\/vc_row_inner][\/vc_column][\/vc_row]\n","protected":false},"excerpt":{"rendered":"<p>[vc_row type=&#8221;full_width_background&#8221; full_screen_row_position=&#8221;middle&#8221; bg_image=&#8221;6217&#8243; bg_position=&#8221;center center&#8221; bg_repeat=&#8221;no-repeat&#8221; parallax_bg=&#8221;true&#8221; parallax_bg_speed=&#8221;fast&#8221; bg_color=&#8221;#fcebb8&#8243; scene_position=&#8221;center&#8221; text_color=&#8221;light&#8221; text_align=&#8221;left&#8221; top_padding=&#8221;12%&#8221; bottom_padding=&#8221;7%&#8221; enable_gradient=&#8221;true&#8221; color_overlay=&#8221;#a71c20&#8243; color_overlay_2=&#8221;#006c32&#8243; gradient_direction=&#8221;left_t_to_right_b&#8221; overlay_strength=&#8221;0.5&#8243; shape_divider_color=&#8221;#ffffff&#8221; shape_divider_position=&#8221;bottom&#8221; shape_divider_height=&#8221;250&#8243; shape_type=&#8221;tilt_alt&#8221;][vc_column column_padding=&#8221;no-extra-padding&#8221; column_padding_position=&#8221;all&#8221; background_color_opacity=&#8221;1&#8243; background_hover_color_opacity=&#8221;1&#8243; column_shadow=&#8221;none&#8221; column_border_radius=&#8221;none&#8221;&#8230;<\/p>\n","protected":false},"author":1,"featured_media":0,"parent":0,"menu_order":0,"comment_status":"closed","ping_status":"closed","template":"","meta":{"_bbp_topic_count":0,"_bbp_reply_count":0,"_bbp_total_topic_count":0,"_bbp_total_reply_count":0,"_bbp_voice_count":0,"_bbp_anonymous_reply_count":0,"_bbp_topic_count_hidden":0,"_bbp_reply_count_hidden":0,"_bbp_forum_subforum_count":0,"footnotes":""},"class_list":["post-6","page","type-page","status-publish"],"_links":{"self":[{"href":"https:\/\/fotliget.hu\/uj\/wp-json\/wp\/v2\/pages\/6","targetHints":{"allow":["GET"]}}],"collection":[{"href":"https:\/\/fotliget.hu\/uj\/wp-json\/wp\/v2\/pages"}],"about":[{"href":"https:\/\/fotliget.hu\/uj\/wp-json\/wp\/v2\/types\/page"}],"author":[{"embeddable":true,"href":"https:\/\/fotliget.hu\/uj\/wp-json\/wp\/v2\/users\/1"}],"replies":[{"embeddable":true,"href":"https:\/\/fotliget.hu\/uj\/wp-json\/wp\/v2\/comments?post=6"}],"version-history":[{"count":0,"href":"https:\/\/fotliget.hu\/uj\/wp-json\/wp\/v2\/pages\/6\/revisions"}],"wp:attachment":[{"href":"https:\/\/fotliget.hu\/uj\/wp-json\/wp\/v2\/media?parent=6"}],"curies":[{"name":"wp","href":"https:\/\/api.w.org\/{rel}","templated":true}]}}